{"id":3383,"date":"2018-12-19T11:36:32","date_gmt":"2018-12-19T11:36:32","guid":{"rendered":"http:\/\/ozonsport.hr\/snowshoes-rent\/"},"modified":"2019-04-03T08:50:14","modified_gmt":"2019-04-03T08:50:14","slug":"snowshoes-rent","status":"publish","type":"page","link":"https:\/\/ozonsport.hr\/hr\/snowshoes-rent\/","title":{"rendered":"Snowshoes rent"},"content":{"rendered":"<section class=\"wpb-content-wrapper\"><p>[vc_row row_background_shadow=&#8221;no&#8221; css=&#8221;.vc_custom_1545219361586{padding-top: 50px !important;padding-bottom: 50px !important;}&#8221;][vc_column][vc_column_text]Kod nas mo\u017eete iznajmiti vrhunsku opremu proizvo\u0111a\u010da TSL OUTDOOR iz Francuske. Komplet se sastoji od krplji, gama\u0161a i \u0161tapova. Morate samo imati osnovnu planinarsku opremu,a ostalo dobijete od nas. Cijene kompleta su za 1 dan 100 kn, vikend 200 kn, svaki naredni dan 50 kn.[\/vc_column_text][vc_empty_space][\/vc_column][\/vc_row][vc_row row_background_shadow=&#8221;no&#8221;][vc_column width=&#8221;1\/3&#8243;]<div class=\"mkdf-section-title-holder  mkdf-st-standard \" style=\"text-align: center\">\n\t<div class=\"mkdf-st-inner\">\n\t\t\t\t\t<h4 class=\"mkdf-st-title\" >\n\t\t\t\tKrplje\t\t\t<\/h4>\n\t\t\t\t\t\t\t<\/div>\n<\/div>[vc_single_image image=&#8221;3375&#8243; img_size=&#8221;full&#8221; onclick=&#8221;custom_link&#8221; img_link_target=&#8221;_blank&#8221; link=&#8221;https:\/\/www.tsloutdoor.com\/composite-snowshoes\/305325-ride.html&#8221;][\/vc_column][vc_column width=&#8221;1\/3&#8243;]<div class=\"mkdf-section-title-holder  mkdf-st-standard \" style=\"text-align: center\">\n\t<div class=\"mkdf-st-inner\">\n\t\t\t\t\t<h4 class=\"mkdf-st-title\" >\n\t\t\t\tPoles\t\t\t<\/h4>\n\t\t\t\t\t\t\t<\/div>\n<\/div>[vc_single_image image=&#8221;3377&#8243; img_size=&#8221;full&#8221; onclick=&#8221;custom_link&#8221; img_link_target=&#8221;_blank&#8221; link=&#8221;https:\/\/www.tsloutdoor.com\/trekking-poles\/tour-alu-3-cross.html&#8221;][\/vc_column][vc_column width=&#8221;1\/3&#8243;]<div class=\"mkdf-section-title-holder  mkdf-st-standard \" style=\"text-align: center\">\n\t<div class=\"mkdf-st-inner\">\n\t\t\t\t\t<h4 class=\"mkdf-st-title\" >\n\t\t\t\tGaiters\t\t\t<\/h4>\n\t\t\t\t\t\t\t<\/div>\n<\/div>[vc_single_image image=&#8221;3379&#8243; img_size=&#8221;full&#8221; onclick=&#8221;custom_link&#8221; img_link_target=&#8221;_blank&#8221; link=&#8221;https:\/\/www.tsloutdoor.com\/long-gaiters\/hiking-ml.html&#8221;][\/vc_column][\/vc_row][vc_row row_background_shadow=&#8221;no&#8221;][vc_column][vc_empty_space height=&#8221;52px&#8221;][\/vc_column][\/vc_row]<\/p>\n<\/section>","protected":false},"excerpt":{"rendered":"<p>[vc_row row_background_shadow=&#8221;no&#8221; css=&#8221;.vc_custom_1545219361586{padding-top: 50px !important;padding-bottom: 50px !important;}&#8221;][vc_column][vc_column_text]Kod nas mo\u017eete iznajmiti vrhunsku opremu proizvo\u0111a\u010da TSL OUTDOOR iz Francuske. Komplet se sastoji od krplji, gama\u0161a i \u0161tapova. Morate samo imati osnovnu planinarsku opremu,a ostalo dobijete od nas. Cijene kompleta su za 1 dan 100 kn, vikend 200 kn, svaki naredni dan 50 kn.[\/vc_column_text][vc_empty_space][\/vc_column][\/vc_row][vc_row row_background_shadow=&#8221;no&#8221;][vc_column width=&#8221;1\/3&#8243;][vc_single_image image=&#8221;3375&#8243; img_size=&#8221;full&#8221; onclick=&#8221;custom_link&#8221; img_link_target=&#8221;_blank&#8221; link=&#8221;https:\/\/www.tsloutdoor.com\/composite-snowshoes\/305325-ride.html&#8221;][\/vc_column][vc_column width=&#8221;1\/3&#8243;][vc_single_image image=&#8221;3377&#8243; img_size=&#8221;full&#8221; onclick=&#8221;custom_link&#8221; img_link_target=&#8221;_blank&#8221; link=&#8221;https:\/\/www.tsloutdoor.com\/trekking-poles\/tour-alu-3-cross.html&#8221;][\/vc_column][vc_column width=&#8221;1\/3&#8243;][vc_single_image image=&#8221;3379&#8243; img_size=&#8221;full&#8221; onclick=&#8221;custom_link&#8221; img_link_target=&#8221;_blank&#8221; link=&#8221;https:\/\/www.tsloutdoor.com\/long-gaiters\/hiking-ml.html&#8221;][\/vc_column][\/vc_row][vc_row row_background_shadow=&#8221;no&#8221;][vc_column][vc_empty_space height=&#8221;52px&#8221;][\/vc_column][\/vc_row]<\/p>\n","protected":false},"author":1,"featured_media":0,"parent":0,"menu_order":0,"comment_status":"closed","ping_status":"closed","template":"","meta":{"footnotes":""},"class_list":["post-3383","page","type-page","status-publish","hentry"],"_links":{"self":[{"href":"https:\/\/ozonsport.hr\/hr\/wp-json\/wp\/v2\/pages\/3383","targetHints":{"allow":["GET"]}}],"collection":[{"href":"https:\/\/ozonsport.hr\/hr\/wp-json\/wp\/v2\/pages"}],"about":[{"href":"https:\/\/ozonsport.hr\/hr\/wp-json\/wp\/v2\/types\/page"}],"author":[{"embeddable":true,"href":"https:\/\/ozonsport.hr\/hr\/wp-json\/wp\/v2\/users\/1"}],"replies":[{"embeddable":true,"href":"https:\/\/ozonsport.hr\/hr\/wp-json\/wp\/v2\/comments?post=3383"}],"version-history":[{"count":2,"href":"https:\/\/ozonsport.hr\/hr\/wp-json\/wp\/v2\/pages\/3383\/revisions"}],"predecessor-version":[{"id":3389,"href":"https:\/\/ozonsport.hr\/hr\/wp-json\/wp\/v2\/pages\/3383\/revisions\/3389"}],"wp:attachment":[{"href":"https:\/\/ozonsport.hr\/hr\/wp-json\/wp\/v2\/media?parent=3383"}],"curies":[{"name":"wp","href":"https:\/\/api.w.org\/{rel}","templated":true}]}}