{"id":3369,"date":"2018-12-19T09:55:25","date_gmt":"2018-12-19T09:55:25","guid":{"rendered":"http:\/\/ozonsport.hr\/bike-rental\/"},"modified":"2019-01-08T10:34:49","modified_gmt":"2019-01-08T10:34:49","slug":"bike-rental","status":"publish","type":"page","link":"https:\/\/ozonsport.hr\/hr\/bike-rental\/","title":{"rendered":"Bike rental"},"content":{"rendered":"<section class=\"wpb-content-wrapper\"><p>[vc_row row_background_shadow=&#8221;no&#8221; css=&#8221;.vc_custom_1545213212583{padding-top: 50px !important;padding-bottom: 50px !important;}&#8221;][vc_column][vc_column_text]Izaberite jedno od ponu\u0111enih bicikli, odredite veli\u010dinu koju trebate i dostavljamo na \u017eeljenu adresu u Makarskoj. Ako trebate dodatnu opremu koja \u0107e Vam olak\u0161ati u\u017eivanje u vo\u017enji, ili samo jednostavnu torbu za spremanje potrebnih stvari samo nas kontaktirajte i Va\u0161u izabranu biciklu opremimo dodatnim stvarima. Ukoliko \u017eelite da Va\u0161e dijete u\u017eiva u vo\u017enji s Vama u ponudi imamo dje\u010dje sjedalice ili prikolicu za biciklu. Kaciga je obavezna i uklju\u010dena u cijenu najma.[\/vc_column_text][vc_empty_space height=&#8221;50px&#8221;]<h2 class=\"mkdf-custom-font-holder  mkdf-cf-7995  \" style=\"text-align: left\" data-item-class=\"mkdf-cf-7995\">\n\tE-bikes<\/h2>[\/vc_column][\/vc_row][vc_row row_background_shadow=&#8221;no&#8221;][vc_column width=&#8221;1\/3&#8243;]<div class=\"mkdf-interactive-boxes-holder\">\n    <div class=\"mkdf-ib-text-holder\">\n                <h4 class=\"mkdf-ib-title\" >eMS 427<\/h4>\n                            <\/div>\n    <div class=\"mkdf-ib-image\">\n                    <a itemprop=\"url\" href=\"https:\/\/www.conway-bikes.de\/modell\/ems-427\/\" target=\"_blank\">\n                <img loading=\"lazy\" decoding=\"async\" width=\"2000\" height=\"1333\" src=\"https:\/\/ozonsport.hr\/wp-content\/uploads\/2018\/12\/2019_conway_ems_427_12614-1.jpg\" class=\"attachment-full size-full\" alt=\"\" srcset=\"https:\/\/ozonsport.hr\/wp-content\/uploads\/2018\/12\/2019_conway_ems_427_12614-1.jpg 2000w, https:\/\/ozonsport.hr\/wp-content\/uploads\/2018\/12\/2019_conway_ems_427_12614-1-300x200.jpg 300w, https:\/\/ozonsport.hr\/wp-content\/uploads\/2018\/12\/2019_conway_ems_427_12614-1-768x512.jpg 768w, https:\/\/ozonsport.hr\/wp-content\/uploads\/2018\/12\/2019_conway_ems_427_12614-1-1024x682.jpg 1024w\" sizes=\"auto, (max-width: 2000px) 100vw, 2000px\" \/>                    <\/a>\n            <\/div>\n<\/div>[\/vc_column][vc_column width=&#8221;1\/3&#8243;]<div class=\"mkdf-interactive-boxes-holder\">\n    <div class=\"mkdf-ib-text-holder\">\n                <h4 class=\"mkdf-ib-title\" >eTS 300<\/h4>\n                            <\/div>\n    <div class=\"mkdf-ib-image\">\n                    <a itemprop=\"url\" href=\"https:\/\/www.conway-bikes.de\/modell\/ets-300\/\" target=\"_blank\">\n                <img loading=\"lazy\" decoding=\"async\" width=\"2000\" height=\"1333\" src=\"https:\/\/ozonsport.hr\/wp-content\/uploads\/2018\/12\/2019_conway_ets_300_12643.jpg\" class=\"attachment-full size-full\" alt=\"\" srcset=\"https:\/\/ozonsport.hr\/wp-content\/uploads\/2018\/12\/2019_conway_ets_300_12643.jpg 2000w, https:\/\/ozonsport.hr\/wp-content\/uploads\/2018\/12\/2019_conway_ets_300_12643-300x200.jpg 300w, https:\/\/ozonsport.hr\/wp-content\/uploads\/2018\/12\/2019_conway_ets_300_12643-768x512.jpg 768w, https:\/\/ozonsport.hr\/wp-content\/uploads\/2018\/12\/2019_conway_ets_300_12643-1024x682.jpg 1024w\" sizes=\"auto, (max-width: 2000px) 100vw, 2000px\" \/>                    <\/a>\n            <\/div>\n<\/div>[\/vc_column][vc_column width=&#8221;1\/3&#8243;][\/vc_column][\/vc_row][vc_row row_background_shadow=&#8221;no&#8221; css=&#8221;.vc_custom_1545213212583{padding-top: 50px !important;padding-bottom: 50px !important;}&#8221;][vc_column][vc_empty_space height=&#8221;50px&#8221;]<h2 class=\"mkdf-custom-font-holder  mkdf-cf-4701  \" style=\"text-align: left\" data-item-class=\"mkdf-cf-4701\">\n\tMountain bikes<\/h2>[\/vc_column][\/vc_row][vc_row row_background_shadow=&#8221;no&#8221;][vc_column width=&#8221;1\/3&#8243;]<div class=\"mkdf-interactive-boxes-holder\">\n    <div class=\"mkdf-ib-text-holder\">\n                <h4 class=\"mkdf-ib-title\" >MS 240 Suspension<\/h4>\n                            <\/div>\n    <div class=\"mkdf-ib-image\">\n                    <a itemprop=\"url\" href=\"https:\/\/www.conway-bikes.de\/modell\/ms-240-suspension\/\" target=\"_blank\">\n                <img loading=\"lazy\" decoding=\"async\" width=\"2000\" height=\"1333\" src=\"https:\/\/ozonsport.hr\/wp-content\/uploads\/2018\/12\/2019_conway_ms_240_suspension_13418.jpg\" class=\"attachment-full size-full\" alt=\"\" srcset=\"https:\/\/ozonsport.hr\/wp-content\/uploads\/2018\/12\/2019_conway_ms_240_suspension_13418.jpg 2000w, https:\/\/ozonsport.hr\/wp-content\/uploads\/2018\/12\/2019_conway_ms_240_suspension_13418-300x200.jpg 300w, https:\/\/ozonsport.hr\/wp-content\/uploads\/2018\/12\/2019_conway_ms_240_suspension_13418-768x512.jpg 768w, https:\/\/ozonsport.hr\/wp-content\/uploads\/2018\/12\/2019_conway_ms_240_suspension_13418-1024x682.jpg 1024w\" sizes=\"auto, (max-width: 2000px) 100vw, 2000px\" \/>                    <\/a>\n            <\/div>\n<\/div>[\/vc_column][vc_column width=&#8221;1\/3&#8243;]<div class=\"mkdf-interactive-boxes-holder\">\n    <div class=\"mkdf-ib-text-holder\">\n                <h4 class=\"mkdf-ib-title\" >MS 529<\/h4>\n                            <\/div>\n    <div class=\"mkdf-ib-image\">\n                    <a itemprop=\"url\" href=\"https:\/\/www.conway-bikes.de\/modell\/ms-529\/\" target=\"_blank\">\n                <img loading=\"lazy\" decoding=\"async\" width=\"2000\" height=\"1333\" src=\"https:\/\/ozonsport.hr\/wp-content\/uploads\/2018\/12\/2019_conway_ms_529_13391.jpg\" class=\"attachment-full size-full\" alt=\"\" srcset=\"https:\/\/ozonsport.hr\/wp-content\/uploads\/2018\/12\/2019_conway_ms_529_13391.jpg 2000w, https:\/\/ozonsport.hr\/wp-content\/uploads\/2018\/12\/2019_conway_ms_529_13391-300x200.jpg 300w, https:\/\/ozonsport.hr\/wp-content\/uploads\/2018\/12\/2019_conway_ms_529_13391-768x512.jpg 768w, https:\/\/ozonsport.hr\/wp-content\/uploads\/2018\/12\/2019_conway_ms_529_13391-1024x682.jpg 1024w\" sizes=\"auto, (max-width: 2000px) 100vw, 2000px\" \/>                    <\/a>\n            <\/div>\n<\/div>[\/vc_column][vc_column width=&#8221;1\/3&#8243;]<div class=\"mkdf-interactive-boxes-holder\">\n    <div class=\"mkdf-ib-text-holder\">\n                <h4 class=\"mkdf-ib-title\" >ML 5<\/h4>\n                            <\/div>\n    <div class=\"mkdf-ib-image\">\n                    <a itemprop=\"url\" href=\"https:\/\/www.conway-bikes.de\/modell\/ml-5\/\" target=\"_blank\">\n                <img loading=\"lazy\" decoding=\"async\" width=\"2000\" height=\"1333\" src=\"https:\/\/ozonsport.hr\/wp-content\/uploads\/2018\/12\/2019_conway_ml_5_13412.jpg\" class=\"attachment-full size-full\" alt=\"\" srcset=\"https:\/\/ozonsport.hr\/wp-content\/uploads\/2018\/12\/2019_conway_ml_5_13412.jpg 2000w, https:\/\/ozonsport.hr\/wp-content\/uploads\/2018\/12\/2019_conway_ml_5_13412-300x200.jpg 300w, https:\/\/ozonsport.hr\/wp-content\/uploads\/2018\/12\/2019_conway_ml_5_13412-768x512.jpg 768w, https:\/\/ozonsport.hr\/wp-content\/uploads\/2018\/12\/2019_conway_ml_5_13412-1024x682.jpg 1024w\" sizes=\"auto, (max-width: 2000px) 100vw, 2000px\" \/>                    <\/a>\n            <\/div>\n<\/div>[\/vc_column][\/vc_row][vc_row row_background_shadow=&#8221;no&#8221; css=&#8221;.vc_custom_1545213212583{padding-top: 50px !important;padding-bottom: 50px !important;}&#8221;][vc_column][vc_empty_space height=&#8221;50px&#8221;]<h2 class=\"mkdf-custom-font-holder  mkdf-cf-4519  \" style=\"text-align: left\" data-item-class=\"mkdf-cf-4519\">\n\tCIty bikes<\/h2>[\/vc_column][\/vc_row][vc_row row_background_shadow=&#8221;no&#8221;][vc_column width=&#8221;1\/3&#8243;]<div class=\"mkdf-interactive-boxes-holder\">\n    <div class=\"mkdf-ib-text-holder\">\n                <h4 class=\"mkdf-ib-title\" >TS 300<\/h4>\n                            <\/div>\n    <div class=\"mkdf-ib-image\">\n                    <a itemprop=\"url\" href=\"https:\/\/www.conway-bikes.de\/modell\/ts-300\/\" target=\"_blank\">\n                <img loading=\"lazy\" decoding=\"async\" width=\"2000\" height=\"1333\" src=\"https:\/\/ozonsport.hr\/wp-content\/uploads\/2018\/12\/2019_conway_ts_300_12666.jpg\" class=\"attachment-full size-full\" alt=\"\" srcset=\"https:\/\/ozonsport.hr\/wp-content\/uploads\/2018\/12\/2019_conway_ts_300_12666.jpg 2000w, https:\/\/ozonsport.hr\/wp-content\/uploads\/2018\/12\/2019_conway_ts_300_12666-300x200.jpg 300w, https:\/\/ozonsport.hr\/wp-content\/uploads\/2018\/12\/2019_conway_ts_300_12666-768x512.jpg 768w, https:\/\/ozonsport.hr\/wp-content\/uploads\/2018\/12\/2019_conway_ts_300_12666-1024x682.jpg 1024w\" sizes=\"auto, (max-width: 2000px) 100vw, 2000px\" \/>                    <\/a>\n            <\/div>\n<\/div>[\/vc_column][vc_column width=&#8221;1\/3&#8243;][\/vc_column][vc_column width=&#8221;1\/3&#8243;][\/vc_column][\/vc_row][vc_row row_background_shadow=&#8221;no&#8221; css=&#8221;.vc_custom_1545213212583{padding-top: 50px !important;padding-bottom: 50px !important;}&#8221;][vc_column][vc_empty_space height=&#8221;50px&#8221;]<h2 class=\"mkdf-custom-font-holder  mkdf-cf-9097  \" style=\"text-align: left\" data-item-class=\"mkdf-cf-9097\">\n\tCrossover bikes<\/h2>[\/vc_column][\/vc_row][vc_row row_background_shadow=&#8221;no&#8221;][vc_column width=&#8221;1\/3&#8243;]<div class=\"mkdf-interactive-boxes-holder\">\n    <div class=\"mkdf-ib-text-holder\">\n                <h4 class=\"mkdf-ib-title\" >CS 400<\/h4>\n                            <\/div>\n    <div class=\"mkdf-ib-image\">\n                    <a itemprop=\"url\" href=\"https:\/\/www.conway-bikes.de\/modell\/cs-400\/\" target=\"_blank\">\n                <img loading=\"lazy\" decoding=\"async\" width=\"2000\" height=\"1333\" src=\"https:\/\/ozonsport.hr\/wp-content\/uploads\/2018\/12\/2019_conway_cs_400_12675.jpg\" class=\"attachment-full size-full\" alt=\"\" srcset=\"https:\/\/ozonsport.hr\/wp-content\/uploads\/2018\/12\/2019_conway_cs_400_12675.jpg 2000w, https:\/\/ozonsport.hr\/wp-content\/uploads\/2018\/12\/2019_conway_cs_400_12675-300x200.jpg 300w, https:\/\/ozonsport.hr\/wp-content\/uploads\/2018\/12\/2019_conway_cs_400_12675-768x512.jpg 768w, https:\/\/ozonsport.hr\/wp-content\/uploads\/2018\/12\/2019_conway_cs_400_12675-1024x682.jpg 1024w\" sizes=\"auto, (max-width: 2000px) 100vw, 2000px\" \/>                    <\/a>\n            <\/div>\n<\/div>[\/vc_column][vc_column width=&#8221;1\/3&#8243;][\/vc_column][vc_column width=&#8221;1\/3&#8243;][\/vc_column][\/vc_row][vc_row row_background_shadow=&#8221;no&#8221; css=&#8221;.vc_custom_1545213212583{padding-top: 50px !important;padding-bottom: 50px !important;}&#8221;][vc_column][vc_empty_space height=&#8221;50px&#8221;]<h2 class=\"mkdf-custom-font-holder  mkdf-cf-5863  \" style=\"text-align: left\" data-item-class=\"mkdf-cf-5863\">\n\tTrailer for kids<\/h2>[\/vc_column][\/vc_row][vc_row row_background_shadow=&#8221;no&#8221;][vc_column width=&#8221;1\/3&#8243;]<div class=\"mkdf-interactive-boxes-holder\">\n    <div class=\"mkdf-ib-text-holder\">\n                <h4 class=\"mkdf-ib-title\" >Kid Plus for 2<\/h4>\n                            <\/div>\n    <div class=\"mkdf-ib-image\">\n                    <a itemprop=\"url\" href=\"https:\/\/www.croozer.com\/de-DE\/croozer-kid-plus-for-2-2018\" target=\"_blank\">\n                <img loading=\"lazy\" decoding=\"async\" width=\"1506\" height=\"1080\" src=\"https:\/\/ozonsport.hr\/wp-content\/uploads\/2018\/12\/croozer-kinderfahrradanhaenger-von-hebammen-getestet-mit-federung-und-licht-inkl-fahrrad-buggy-jogger-set.jpg\" class=\"attachment-full size-full\" alt=\"\" srcset=\"https:\/\/ozonsport.hr\/wp-content\/uploads\/2018\/12\/croozer-kinderfahrradanhaenger-von-hebammen-getestet-mit-federung-und-licht-inkl-fahrrad-buggy-jogger-set.jpg 1506w, https:\/\/ozonsport.hr\/wp-content\/uploads\/2018\/12\/croozer-kinderfahrradanhaenger-von-hebammen-getestet-mit-federung-und-licht-inkl-fahrrad-buggy-jogger-set-300x215.jpg 300w, https:\/\/ozonsport.hr\/wp-content\/uploads\/2018\/12\/croozer-kinderfahrradanhaenger-von-hebammen-getestet-mit-federung-und-licht-inkl-fahrrad-buggy-jogger-set-768x551.jpg 768w, https:\/\/ozonsport.hr\/wp-content\/uploads\/2018\/12\/croozer-kinderfahrradanhaenger-von-hebammen-getestet-mit-federung-und-licht-inkl-fahrrad-buggy-jogger-set-1024x734.jpg 1024w\" sizes=\"auto, (max-width: 1506px) 100vw, 1506px\" \/>                    <\/a>\n            <\/div>\n<\/div>[\/vc_column][vc_column width=&#8221;1\/3&#8243;][\/vc_column][vc_column width=&#8221;1\/3&#8243;][\/vc_column][\/vc_row][vc_row row_background_shadow=&#8221;no&#8221; css=&#8221;.vc_custom_1545213212583{padding-top: 50px !important;padding-bottom: 50px !important;}&#8221;][vc_column][vc_empty_space height=&#8221;50px&#8221;]<h2 class=\"mkdf-custom-font-holder  mkdf-cf-6277  \" style=\"text-align: left\" data-item-class=\"mkdf-cf-6277\">\n\tBags<\/h2>[\/vc_column][\/vc_row][vc_row row_background_shadow=&#8221;no&#8221;][vc_column width=&#8221;1\/3&#8243;]<div class=\"mkdf-interactive-boxes-holder\">\n    <div class=\"mkdf-ib-text-holder\">\n                <h4 class=\"mkdf-ib-title\" >Aqua Back Single<\/h4>\n                            <\/div>\n    <div class=\"mkdf-ib-image\">\n                    <a itemprop=\"url\" href=\"https:\/\/www.vaude.com\/en-INT\/Products\/Activity\/Best-in-Test\/5338\/Aqua-Back-Single?number=124131250\" target=\"_blank\">\n                <img loading=\"lazy\" decoding=\"async\" width=\"1200\" height=\"1560\" src=\"https:\/\/ozonsport.hr\/wp-content\/uploads\/2018\/12\/12413_1255b99ec7c584ae.jpg\" class=\"attachment-full size-full\" alt=\"\" srcset=\"https:\/\/ozonsport.hr\/wp-content\/uploads\/2018\/12\/12413_1255b99ec7c584ae.jpg 1200w, https:\/\/ozonsport.hr\/wp-content\/uploads\/2018\/12\/12413_1255b99ec7c584ae-231x300.jpg 231w, https:\/\/ozonsport.hr\/wp-content\/uploads\/2018\/12\/12413_1255b99ec7c584ae-768x998.jpg 768w, https:\/\/ozonsport.hr\/wp-content\/uploads\/2018\/12\/12413_1255b99ec7c584ae-788x1024.jpg 788w\" sizes=\"auto, (max-width: 1200px) 100vw, 1200px\" \/>                    <\/a>\n            <\/div>\n<\/div>[\/vc_column][vc_column width=&#8221;1\/3&#8243;]<div class=\"mkdf-interactive-boxes-holder\">\n    <div class=\"mkdf-ib-text-holder\">\n                <h4 class=\"mkdf-ib-title\" >Trailfront<\/h4>\n                            <\/div>\n    <div class=\"mkdf-ib-image\">\n                    <a itemprop=\"url\" href=\"https:\/\/www.vaude.com\/en-INT\/Products\/Activity\/Bikepacking\/10042\/Trailfront?number=126990100\" target=\"_blank\">\n                <img loading=\"lazy\" decoding=\"async\" width=\"1600\" height=\"1067\" src=\"https:\/\/ozonsport.hr\/wp-content\/uploads\/2018\/12\/12699_010.jpg\" class=\"attachment-full size-full\" alt=\"\" srcset=\"https:\/\/ozonsport.hr\/wp-content\/uploads\/2018\/12\/12699_010.jpg 1600w, https:\/\/ozonsport.hr\/wp-content\/uploads\/2018\/12\/12699_010-300x200.jpg 300w, https:\/\/ozonsport.hr\/wp-content\/uploads\/2018\/12\/12699_010-768x512.jpg 768w, https:\/\/ozonsport.hr\/wp-content\/uploads\/2018\/12\/12699_010-1024x683.jpg 1024w\" sizes=\"auto, (max-width: 1600px) 100vw, 1600px\" \/>                    <\/a>\n            <\/div>\n<\/div>[\/vc_column][vc_column width=&#8221;1\/3&#8243;]<div class=\"mkdf-interactive-boxes-holder\">\n    <div class=\"mkdf-ib-text-holder\">\n                <h4 class=\"mkdf-ib-title\" >Trailsaddle<\/h4>\n                            <\/div>\n    <div class=\"mkdf-ib-image\">\n                    <a itemprop=\"url\" href=\"https:\/\/www.vaude.com\/en-INT\/Products\/Activity\/Bikepacking\/9370\/Trailsaddle?number=127000100\" target=\"_blank\">\n                <img loading=\"lazy\" decoding=\"async\" width=\"1067\" height=\"1600\" src=\"https:\/\/ozonsport.hr\/wp-content\/uploads\/2018\/12\/12700_010.jpg\" class=\"attachment-full size-full\" alt=\"\" srcset=\"https:\/\/ozonsport.hr\/wp-content\/uploads\/2018\/12\/12700_010.jpg 1067w, https:\/\/ozonsport.hr\/wp-content\/uploads\/2018\/12\/12700_010-200x300.jpg 200w, https:\/\/ozonsport.hr\/wp-content\/uploads\/2018\/12\/12700_010-768x1152.jpg 768w, https:\/\/ozonsport.hr\/wp-content\/uploads\/2018\/12\/12700_010-683x1024.jpg 683w\" sizes=\"auto, (max-width: 1067px) 100vw, 1067px\" \/>                    <\/a>\n            <\/div>\n<\/div>[\/vc_column][\/vc_row][vc_row row_background_shadow=&#8221;no&#8221;][vc_column width=&#8221;1\/3&#8243;]<div class=\"mkdf-interactive-boxes-holder\">\n    <div class=\"mkdf-ib-text-holder\">\n                <h4 class=\"mkdf-ib-title\" >Trailframe<\/h4>\n                            <\/div>\n    <div class=\"mkdf-ib-image\">\n                    <a itemprop=\"url\" href=\"https:\/\/www.vaude.com\/en-INT\/Products\/Activity\/Bikepacking\/10249\/Trailframe?number=127010100\" target=\"_blank\">\n                <img loading=\"lazy\" decoding=\"async\" width=\"1600\" height=\"1067\" src=\"https:\/\/ozonsport.hr\/wp-content\/uploads\/2018\/12\/12701_010.jpg\" class=\"attachment-full size-full\" alt=\"\" srcset=\"https:\/\/ozonsport.hr\/wp-content\/uploads\/2018\/12\/12701_010.jpg 1600w, https:\/\/ozonsport.hr\/wp-content\/uploads\/2018\/12\/12701_010-300x200.jpg 300w, https:\/\/ozonsport.hr\/wp-content\/uploads\/2018\/12\/12701_010-768x512.jpg 768w, https:\/\/ozonsport.hr\/wp-content\/uploads\/2018\/12\/12701_010-1024x683.jpg 1024w\" sizes=\"auto, (max-width: 1600px) 100vw, 1600px\" \/>                    <\/a>\n            <\/div>\n<\/div>[\/vc_column][vc_column width=&#8221;1\/3&#8243;]<div class=\"mkdf-interactive-boxes-holder\">\n    <div class=\"mkdf-ib-text-holder\">\n                <h4 class=\"mkdf-ib-title\" >Race Light L<\/h4>\n                            <\/div>\n    <div class=\"mkdf-ib-image\">\n                    <a itemprop=\"url\" href=\"https:\/\/www.vaude.com\/en-INT\/Products\/Bike-Bags\/Saddle-bags\/3106\/Race-Light-L?number=118000100\" target=\"_blank\">\n                <img loading=\"lazy\" decoding=\"async\" width=\"1463\" height=\"1772\" src=\"https:\/\/ozonsport.hr\/wp-content\/uploads\/2018\/12\/11800_0105b99fce781eed.jpg\" class=\"attachment-full size-full\" alt=\"\" srcset=\"https:\/\/ozonsport.hr\/wp-content\/uploads\/2018\/12\/11800_0105b99fce781eed.jpg 1463w, https:\/\/ozonsport.hr\/wp-content\/uploads\/2018\/12\/11800_0105b99fce781eed-248x300.jpg 248w, https:\/\/ozonsport.hr\/wp-content\/uploads\/2018\/12\/11800_0105b99fce781eed-768x930.jpg 768w, https:\/\/ozonsport.hr\/wp-content\/uploads\/2018\/12\/11800_0105b99fce781eed-845x1024.jpg 845w\" sizes=\"auto, (max-width: 1463px) 100vw, 1463px\" \/>                    <\/a>\n            <\/div>\n<\/div>[\/vc_column][vc_column width=&#8221;1\/3&#8243;][\/vc_column][\/vc_row][vc_row row_background_shadow=&#8221;no&#8221;][vc_column width=&#8221;1\/3&#8243;][vc_empty_space height=&#8221;50px&#8221;][\/vc_column][vc_column width=&#8221;1\/3&#8243;][\/vc_column][vc_column width=&#8221;1\/3&#8243;][\/vc_column][\/vc_row]<\/p>\n<\/section>","protected":false},"excerpt":{"rendered":"<p>[vc_row row_background_shadow=&#8221;no&#8221; css=&#8221;.vc_custom_1545213212583{padding-top: 50px !important;padding-bottom: 50px !important;}&#8221;][vc_column][vc_column_text]Izaberite jedno od ponu\u0111enih bicikli, odredite veli\u010dinu koju trebate i dostavljamo na \u017eeljenu adresu u Makarskoj. Ako trebate dodatnu opremu koja \u0107e Vam olak\u0161ati u\u017eivanje u vo\u017enji, ili samo jednostavnu torbu za spremanje potrebnih stvari samo nas kontaktirajte i Va\u0161u izabranu biciklu opremimo dodatnim stvarima. Ukoliko \u017eelite da Va\u0161e dijete u\u017eiva u vo\u017enji s Vama u ponudi imamo dje\u010dje sjedalice ili prikolicu za biciklu. Kaciga je obavezna i uklju\u010dena u cijenu najma.[\/vc_column_text][vc_empty_space height=&#8221;50px&#8221;][\/vc_column][\/vc_row][vc_row row_background_shadow=&#8221;no&#8221;][vc_column width=&#8221;1\/3&#8243;][\/vc_column][vc_column width=&#8221;1\/3&#8243;][\/vc_column][vc_column width=&#8221;1\/3&#8243;][\/vc_column][\/vc_row][vc_row row_background_shadow=&#8221;no&#8221; css=&#8221;.vc_custom_1545213212583{padding-top: 50px !important;padding-bottom: 50px !important;}&#8221;][vc_column][vc_empty_space height=&#8221;50px&#8221;][\/vc_column][\/vc_row][vc_row row_background_shadow=&#8221;no&#8221;][vc_column width=&#8221;1\/3&#8243;][\/vc_column][vc_column width=&#8221;1\/3&#8243;][\/vc_column][vc_column width=&#8221;1\/3&#8243;][\/vc_column][\/vc_row][vc_row row_background_shadow=&#8221;no&#8221; css=&#8221;.vc_custom_1545213212583{padding-top: 50px !important;padding-bottom: 50px !important;}&#8221;][vc_column][vc_empty_space height=&#8221;50px&#8221;][\/vc_column][\/vc_row][vc_row row_background_shadow=&#8221;no&#8221;][vc_column width=&#8221;1\/3&#8243;][\/vc_column][vc_column width=&#8221;1\/3&#8243;][\/vc_column][vc_column width=&#8221;1\/3&#8243;][\/vc_column][\/vc_row][vc_row row_background_shadow=&#8221;no&#8221; css=&#8221;.vc_custom_1545213212583{padding-top: 50px !important;padding-bottom: 50px !important;}&#8221;][vc_column][vc_empty_space height=&#8221;50px&#8221;][\/vc_column][\/vc_row][vc_row row_background_shadow=&#8221;no&#8221;][vc_column width=&#8221;1\/3&#8243;][\/vc_column][vc_column width=&#8221;1\/3&#8243;][\/vc_column][vc_column width=&#8221;1\/3&#8243;][\/vc_column][\/vc_row][vc_row row_background_shadow=&#8221;no&#8221; css=&#8221;.vc_custom_1545213212583{padding-top: 50px !important;padding-bottom: 50px !important;}&#8221;][vc_column][vc_empty_space height=&#8221;50px&#8221;][\/vc_column][\/vc_row][vc_row row_background_shadow=&#8221;no&#8221;][vc_column width=&#8221;1\/3&#8243;][\/vc_column][vc_column width=&#8221;1\/3&#8243;][\/vc_column][vc_column width=&#8221;1\/3&#8243;][\/vc_column][\/vc_row][vc_row row_background_shadow=&#8221;no&#8221; css=&#8221;.vc_custom_1545213212583{padding-top: 50px !important;padding-bottom: 50px !important;}&#8221;][vc_column][vc_empty_space height=&#8221;50px&#8221;][\/vc_column][\/vc_row][vc_row row_background_shadow=&#8221;no&#8221;][vc_column width=&#8221;1\/3&#8243;][\/vc_column][vc_column width=&#8221;1\/3&#8243;][\/vc_column][vc_column width=&#8221;1\/3&#8243;][\/vc_column][\/vc_row][vc_row row_background_shadow=&#8221;no&#8221;][vc_column width=&#8221;1\/3&#8243;][\/vc_column][vc_column width=&#8221;1\/3&#8243;][\/vc_column][vc_column width=&#8221;1\/3&#8243;][\/vc_column][\/vc_row][vc_row row_background_shadow=&#8221;no&#8221;][vc_column width=&#8221;1\/3&#8243;][vc_empty_space height=&#8221;50px&#8221;][\/vc_column][vc_column width=&#8221;1\/3&#8243;][\/vc_column][vc_column width=&#8221;1\/3&#8243;][\/vc_column][\/vc_row]<\/p>\n","protected":false},"author":1,"featured_media":0,"parent":0,"menu_order":0,"comment_status":"closed","ping_status":"closed","template":"","meta":{"footnotes":""},"class_list":["post-3369","page","type-page","status-publish","hentry"],"_links":{"self":[{"href":"https:\/\/ozonsport.hr\/hr\/wp-json\/wp\/v2\/pages\/3369","targetHints":{"allow":["GET"]}}],"collection":[{"href":"https:\/\/ozonsport.hr\/hr\/wp-json\/wp\/v2\/pages"}],"about":[{"href":"https:\/\/ozonsport.hr\/hr\/wp-json\/wp\/v2\/types\/page"}],"author":[{"embeddable":true,"href":"https:\/\/ozonsport.hr\/hr\/wp-json\/wp\/v2\/users\/1"}],"replies":[{"embeddable":true,"href":"https:\/\/ozonsport.hr\/hr\/wp-json\/wp\/v2\/comments?post=3369"}],"version-history":[{"count":1,"href":"https:\/\/ozonsport.hr\/hr\/wp-json\/wp\/v2\/pages\/3369\/revisions"}],"predecessor-version":[{"id":3370,"href":"https:\/\/ozonsport.hr\/hr\/wp-json\/wp\/v2\/pages\/3369\/revisions\/3370"}],"wp:attachment":[{"href":"https:\/\/ozonsport.hr\/hr\/wp-json\/wp\/v2\/media?parent=3369"}],"curies":[{"name":"wp","href":"https:\/\/api.w.org\/{rel}","templated":true}]}}