{"id":3366,"date":"2018-12-19T11:19:47","date_gmt":"2018-12-19T11:19:47","guid":{"rendered":"http:\/\/ozonsport.hr\/bike-tours\/"},"modified":"2019-01-08T10:32:30","modified_gmt":"2019-01-08T10:32:30","slug":"bike-tours","status":"publish","type":"page","link":"https:\/\/ozonsport.hr\/hr\/bike-tours\/","title":{"rendered":"Bike tours"},"content":{"rendered":"<section class=\"wpb-content-wrapper\"><p>[vc_row row_background_shadow=&#8221;no&#8221; css=&#8221;.vc_custom_1545218349630{padding-top: 50px !important;padding-bottom: 50px !important;}&#8221;][vc_column][vc_column_text]Ako \u017eelite avanturu vi\u0161e nudimo vam transfer do predivnih predjela Blidinja, Kupresa, Me\u0111ugorja, doline Neretve, Bra\u010da, Hvara ili Pelje\u0161ca te uslugu stru\u010dnog vodi\u010da. Od 20 do 50 kilometara dnevno sa iskusnim vodi\u010dima u predivnim predjelima kr\u0161ovite Dalmacije pru\u017eit \u0107e Vam nezaboravna iskustva.<\/p>\n<p>Cjelodnevni izleti su idealna prilika da uz aktivnost upoznate neke nove predjele i steknete neka nova Gastro&amp;Eno iskustva.[\/vc_column_text][vc_empty_space height=&#8221;52px&#8221;][\/vc_column][\/vc_row]<\/p>\n<\/section>","protected":false},"excerpt":{"rendered":"<p>[vc_row row_background_shadow=&#8221;no&#8221; css=&#8221;.vc_custom_1545218349630{padding-top: 50px !important;padding-bottom: 50px !important;}&#8221;][vc_column][vc_column_text]Ako \u017eelite avanturu vi\u0161e nudimo vam transfer do predivnih predjela Blidinja, Kupresa, Me\u0111ugorja, doline Neretve, Bra\u010da, Hvara ili Pelje\u0161ca te uslugu stru\u010dnog vodi\u010da. Od 20 do 50 kilometara dnevno sa iskusnim vodi\u010dima u predivnim predjelima kr\u0161ovite Dalmacije pru\u017eit \u0107e Vam nezaboravna iskustva. Cjelodnevni izleti su idealna prilika da uz aktivnost upoznate neke nove predjele i steknete neka nova Gastro&amp;Eno iskustva.[\/vc_column_text][vc_empty_space height=&#8221;52px&#8221;][\/vc_column][\/vc_row]<\/p>\n","protected":false},"author":1,"featured_media":0,"parent":0,"menu_order":0,"comment_status":"closed","ping_status":"closed","template":"","meta":{"footnotes":""},"class_list":["post-3366","page","type-page","status-publish","hentry"],"_links":{"self":[{"href":"https:\/\/ozonsport.hr\/hr\/wp-json\/wp\/v2\/pages\/3366","targetHints":{"allow":["GET"]}}],"collection":[{"href":"https:\/\/ozonsport.hr\/hr\/wp-json\/wp\/v2\/pages"}],"about":[{"href":"https:\/\/ozonsport.hr\/hr\/wp-json\/wp\/v2\/types\/page"}],"author":[{"embeddable":true,"href":"https:\/\/ozonsport.hr\/hr\/wp-json\/wp\/v2\/users\/1"}],"replies":[{"embeddable":true,"href":"https:\/\/ozonsport.hr\/hr\/wp-json\/wp\/v2\/comments?post=3366"}],"version-history":[{"count":1,"href":"https:\/\/ozonsport.hr\/hr\/wp-json\/wp\/v2\/pages\/3366\/revisions"}],"predecessor-version":[{"id":3367,"href":"https:\/\/ozonsport.hr\/hr\/wp-json\/wp\/v2\/pages\/3366\/revisions\/3367"}],"wp:attachment":[{"href":"https:\/\/ozonsport.hr\/hr\/wp-json\/wp\/v2\/media?parent=3366"}],"curies":[{"name":"wp","href":"https:\/\/api.w.org\/{rel}","templated":true}]}}