{"id":3345,"date":"2018-12-19T12:05:35","date_gmt":"2018-12-19T12:05:35","guid":{"rendered":"http:\/\/ozonsport.hr\/hike-active\/"},"modified":"2019-01-08T10:23:41","modified_gmt":"2019-01-08T10:23:41","slug":"hike-active","status":"publish","type":"page","link":"https:\/\/ozonsport.hr\/hr\/hike-active\/","title":{"rendered":"Hike Active"},"content":{"rendered":"<section class=\"wpb-content-wrapper\"><p>[vc_row row_background_shadow=&#8221;no&#8221; css=&#8221;.vc_custom_1545221049352{padding-top: 50px !important;padding-bottom: 50px !important;}&#8221;][vc_column][vc_single_image image=&#8221;3240&#8243; img_size=&#8221;full&#8221;][vc_empty_space][vc_column_text]Oni koje \u017eele malo vi\u0161e fizi\u010dke aktivnosti izabrat \u0107e na\u0161 ACTIVE program koji \u0107e ih odvesti u srce planine i omogu\u0107iti predivne panorame uz umjerenu tjelesnu aktivnost. Maksimalno 4 sata hodanja i 1000 metara visinske razlike.<\/p>\n<p>Povest \u0107emo Vas od Velikog brda prema Makru ili prema Koti\u0161ini, a za one zahtjevnije mo\u017eemo i do Tu\u010depi. Izuzetno pogodna ruta za ljetne \u0161etnje jer prolazi kroz \u0161umoviti dio padina Biokova.[\/vc_column_text][\/vc_column][\/vc_row][vc_row row_background_shadow=&#8221;no&#8221;][vc_column][vc_empty_space height=&#8221;52px&#8221;]<div class=\"mkdf-section-title-holder  mkdf-st-standard \" style=\"text-align: left\">\n\t<div class=\"mkdf-st-inner\">\n\t\t\t\t\t<h3 class=\"mkdf-st-title\" >\n\t\t\t\tRENTAL EQUIPMENT by VAUDE\t\t\t<\/h3>\n\t\t\t\t\t\t\t<div class=\"mkdf-separator-holder clearfix\">\n\t\t\t\t<div class=\"mkdf-separator\" ><\/div>\n\t\t\t<\/div>\n\t\t\t\t\t<\/div>\n<\/div>[\/vc_column][\/vc_row][vc_row row_background_shadow=&#8221;no&#8221;][vc_column width=&#8221;1\/4&#8243;][vc_single_image image=&#8221;3322&#8243; img_size=&#8221;full&#8221; onclick=&#8221;custom_link&#8221; img_link_target=&#8221;_blank&#8221; link=&#8221;https:\/\/www.vaude.com\/en-INT\/Products\/Activity\/Backpacking-Hiking\/4381\/Shuttle-Base?number=121390100&#8243;][\/vc_column][vc_column width=&#8221;1\/4&#8243;][vc_single_image image=&#8221;3324&#8243; img_size=&#8221;full&#8221; onclick=&#8221;custom_link&#8221; img_link_target=&#8221;_blank&#8221; link=&#8221;https:\/\/www.vaude.com\/en-INT\/Products\/Eco-Materials\/Polyester-recycling\/Prokyon-22?number=127440100&#8243;][\/vc_column][vc_column width=&#8221;1\/4&#8243;][vc_single_image image=&#8221;3326&#8243; img_size=&#8221;full&#8221; onclick=&#8221;custom_link&#8221; img_link_target=&#8221;_blank&#8221; link=&#8221;https:\/\/www.vaude.com\/en-INT\/Products\/Eco-Materials\/Eco-friendly-Water-Resistance\/Citus-16-LW?number=121650100&#8243;][\/vc_column][vc_column width=&#8221;1\/4&#8243;][vc_single_image image=&#8221;3328&#8243; img_size=&#8221;full&#8221; onclick=&#8221;custom_link&#8221; img_link_target=&#8221;_blank&#8221; link=&#8221;https:\/\/www.vaude.com\/en-INT\/Products\/Activity\/Outdoor-Kids\/Puck-10?number=150022350&#8243;][\/vc_column][\/vc_row][vc_row row_background_shadow=&#8221;no&#8221;][vc_column][vc_empty_space height=&#8221;52px&#8221;][vc_column_text]<span style=\"font-family: Arial; font-size: small;\">Na na\u0161im izletima GRATIS Vam osiguravamo \u0161tapove za hodanje KOMPERDELL, ki\u0161ni pon\u010do i prvu pomo\u0107 VAUDE, a za osvje\u017eenje dobijete 1,5 lit. vode KALA!<\/span>[\/vc_column_text][vc_empty_space][\/vc_column][\/vc_row][vc_row row_background_shadow=&#8221;no&#8221;][vc_column width=&#8221;1\/4&#8243;][vc_single_image image=&#8221;3332&#8243; img_size=&#8221;full&#8221; onclick=&#8221;custom_link&#8221; img_link_target=&#8221;_blank&#8221; link=&#8221;https:\/\/www.komperdell.com\/de\/poles\/trekking\/produkt.php?id=164_2309_10&#8243;][\/vc_column][vc_column width=&#8221;1\/4&#8243;][vc_single_image image=&#8221;3334&#8243; img_size=&#8221;full&#8221; onclick=&#8221;custom_link&#8221; img_link_target=&#8221;_blank&#8221; link=&#8221;https:\/\/www.vaude.com\/en-INT\/Products\/Accessories\/First-Aid-Kit\/First-Aid-Kit-Hike-Waterproof?number=300582110&#8243;][\/vc_column][vc_column width=&#8221;1\/4&#8243;][vc_single_image image=&#8221;3336&#8243; img_size=&#8221;full&#8221; onclick=&#8221;custom_link&#8221; img_link_target=&#8221;_blank&#8221; link=&#8221;https:\/\/www.vaude.com\/en-INT\/Products\/Clothing\/Jackets\/Hiking-Backpack-Poncho?number=050396145300&#8243;][\/vc_column][vc_column width=&#8221;1\/4&#8243;][vc_single_image image=&#8221;3338&#8243; img_size=&#8221;full&#8221;][\/vc_column][\/vc_row][vc_row row_background_shadow=&#8221;no&#8221;][vc_column][vc_empty_space height=&#8221;52px&#8221;][\/vc_column][\/vc_row]<\/p>\n<\/section>","protected":false},"excerpt":{"rendered":"<p>[vc_row row_background_shadow=&#8221;no&#8221; css=&#8221;.vc_custom_1545221049352{padding-top: 50px !important;padding-bottom: 50px !important;}&#8221;][vc_column][vc_single_image image=&#8221;3240&#8243; img_size=&#8221;full&#8221;][vc_empty_space][vc_column_text]Oni koje \u017eele malo vi\u0161e fizi\u010dke aktivnosti izabrat \u0107e na\u0161 ACTIVE program koji \u0107e ih odvesti u srce planine i omogu\u0107iti predivne panorame uz umjerenu tjelesnu aktivnost. Maksimalno 4 sata hodanja i 1000 metara visinske razlike. Povest \u0107emo Vas od Velikog brda prema Makru ili prema Koti\u0161ini, a za one zahtjevnije mo\u017eemo i do Tu\u010depi. Izuzetno pogodna ruta za ljetne \u0161etnje jer prolazi kroz \u0161umoviti dio padina Biokova.[\/vc_column_text][\/vc_column][\/vc_row][vc_row row_background_shadow=&#8221;no&#8221;][vc_column][vc_empty_space height=&#8221;52px&#8221;][\/vc_column][\/vc_row][vc_row row_background_shadow=&#8221;no&#8221;][vc_column width=&#8221;1\/4&#8243;][vc_single_image image=&#8221;3322&#8243; img_size=&#8221;full&#8221; onclick=&#8221;custom_link&#8221; img_link_target=&#8221;_blank&#8221; link=&#8221;https:\/\/www.vaude.com\/en-INT\/Products\/Activity\/Backpacking-Hiking\/4381\/Shuttle-Base?number=121390100&#8243;][\/vc_column][vc_column width=&#8221;1\/4&#8243;][vc_single_image image=&#8221;3324&#8243; img_size=&#8221;full&#8221; onclick=&#8221;custom_link&#8221; img_link_target=&#8221;_blank&#8221; link=&#8221;https:\/\/www.vaude.com\/en-INT\/Products\/Eco-Materials\/Polyester-recycling\/Prokyon-22?number=127440100&#8243;][\/vc_column][vc_column width=&#8221;1\/4&#8243;][vc_single_image image=&#8221;3326&#8243; img_size=&#8221;full&#8221; onclick=&#8221;custom_link&#8221; img_link_target=&#8221;_blank&#8221; link=&#8221;https:\/\/www.vaude.com\/en-INT\/Products\/Eco-Materials\/Eco-friendly-Water-Resistance\/Citus-16-LW?number=121650100&#8243;][\/vc_column][vc_column width=&#8221;1\/4&#8243;][vc_single_image image=&#8221;3328&#8243; img_size=&#8221;full&#8221; onclick=&#8221;custom_link&#8221; img_link_target=&#8221;_blank&#8221; link=&#8221;https:\/\/www.vaude.com\/en-INT\/Products\/Activity\/Outdoor-Kids\/Puck-10?number=150022350&#8243;][\/vc_column][\/vc_row][vc_row row_background_shadow=&#8221;no&#8221;][vc_column][vc_empty_space height=&#8221;52px&#8221;][vc_column_text]Na na\u0161im izletima GRATIS Vam osiguravamo \u0161tapove za hodanje KOMPERDELL, ki\u0161ni pon\u010do i prvu pomo\u0107 VAUDE, a za osvje\u017eenje dobijete 1,5 lit. vode KALA![\/vc_column_text][vc_empty_space][\/vc_column][\/vc_row][vc_row row_background_shadow=&#8221;no&#8221;][vc_column width=&#8221;1\/4&#8243;][vc_single_image image=&#8221;3332&#8243; img_size=&#8221;full&#8221; onclick=&#8221;custom_link&#8221; img_link_target=&#8221;_blank&#8221; link=&#8221;https:\/\/www.komperdell.com\/de\/poles\/trekking\/produkt.php?id=164_2309_10&#8243;][\/vc_column][vc_column width=&#8221;1\/4&#8243;][vc_single_image image=&#8221;3334&#8243; img_size=&#8221;full&#8221; onclick=&#8221;custom_link&#8221; img_link_target=&#8221;_blank&#8221; link=&#8221;https:\/\/www.vaude.com\/en-INT\/Products\/Accessories\/First-Aid-Kit\/First-Aid-Kit-Hike-Waterproof?number=300582110&#8243;][\/vc_column][vc_column width=&#8221;1\/4&#8243;][vc_single_image image=&#8221;3336&#8243; img_size=&#8221;full&#8221; onclick=&#8221;custom_link&#8221; img_link_target=&#8221;_blank&#8221; link=&#8221;https:\/\/www.vaude.com\/en-INT\/Products\/Clothing\/Jackets\/Hiking-Backpack-Poncho?number=050396145300&#8243;][\/vc_column][vc_column width=&#8221;1\/4&#8243;][vc_single_image image=&#8221;3338&#8243; img_size=&#8221;full&#8221;][\/vc_column][\/vc_row][vc_row [&hellip;]<\/p>\n","protected":false},"author":1,"featured_media":0,"parent":0,"menu_order":0,"comment_status":"closed","ping_status":"closed","template":"","meta":{"footnotes":""},"class_list":["post-3345","page","type-page","status-publish","hentry"],"_links":{"self":[{"href":"https:\/\/ozonsport.hr\/hr\/wp-json\/wp\/v2\/pages\/3345","targetHints":{"allow":["GET"]}}],"collection":[{"href":"https:\/\/ozonsport.hr\/hr\/wp-json\/wp\/v2\/pages"}],"about":[{"href":"https:\/\/ozonsport.hr\/hr\/wp-json\/wp\/v2\/types\/page"}],"author":[{"embeddable":true,"href":"https:\/\/ozonsport.hr\/hr\/wp-json\/wp\/v2\/users\/1"}],"replies":[{"embeddable":true,"href":"https:\/\/ozonsport.hr\/hr\/wp-json\/wp\/v2\/comments?post=3345"}],"version-history":[{"count":1,"href":"https:\/\/ozonsport.hr\/hr\/wp-json\/wp\/v2\/pages\/3345\/revisions"}],"predecessor-version":[{"id":3353,"href":"https:\/\/ozonsport.hr\/hr\/wp-json\/wp\/v2\/pages\/3345\/revisions\/3353"}],"wp:attachment":[{"href":"https:\/\/ozonsport.hr\/hr\/wp-json\/wp\/v2\/media?parent=3345"}],"curies":[{"name":"wp","href":"https:\/\/api.w.org\/{rel}","templated":true}]}}