{"id":3319,"date":"2018-10-09T09:27:16","date_gmt":"2018-10-09T09:27:16","guid":{"rendered":"http:\/\/ozonsport.hr\/hike-tours\/"},"modified":"2019-03-20T09:49:55","modified_gmt":"2019-03-20T09:49:55","slug":"hike-tours","status":"publish","type":"page","link":"https:\/\/ozonsport.hr\/hr\/hike-tours\/","title":{"rendered":"Hike Tours"},"content":{"rendered":"<section class=\"wpb-content-wrapper\"><p>[vc_row row_background_shadow=&#8221;no&#8221; css=&#8221;.vc_custom_1545213212583{padding-top: 50px !important;padding-bottom: 50px !important;}&#8221;][vc_column width=&#8221;1\/4&#8243;]<div class=\"mkdf-interactive-boxes-holder\">\n    <div class=\"mkdf-ib-text-holder\">\n                <h4 class=\"mkdf-ib-title\" >Relax<\/h4>\n                            <\/div>\n    <div class=\"mkdf-ib-image\">\n                    <a itemprop=\"url\" href=\"\/hr\/hike-relax\" target=\"_self\">\n                <img loading=\"lazy\" decoding=\"async\" width=\"1000\" height=\"700\" src=\"https:\/\/ozonsport.hr\/wp-content\/uploads\/2019\/01\/relax.png\" class=\"attachment-full size-full\" alt=\"\" srcset=\"https:\/\/ozonsport.hr\/wp-content\/uploads\/2019\/01\/relax.png 1000w, https:\/\/ozonsport.hr\/wp-content\/uploads\/2019\/01\/relax-300x210.png 300w, https:\/\/ozonsport.hr\/wp-content\/uploads\/2019\/01\/relax-768x538.png 768w\" sizes=\"auto, (max-width: 1000px) 100vw, 1000px\" \/>                    <\/a>\n            <\/div>\n<\/div>[\/vc_column][vc_column width=&#8221;1\/4&#8243;]<div class=\"mkdf-interactive-boxes-holder\">\n    <div class=\"mkdf-ib-text-holder\">\n                <h4 class=\"mkdf-ib-title\" >Active<\/h4>\n                            <\/div>\n    <div class=\"mkdf-ib-image\">\n                    <a itemprop=\"url\" href=\"\/hr\/hike-active\" target=\"_self\">\n                <img loading=\"lazy\" decoding=\"async\" width=\"1000\" height=\"700\" src=\"https:\/\/ozonsport.hr\/wp-content\/uploads\/2019\/01\/active.png\" class=\"attachment-full size-full\" alt=\"\" srcset=\"https:\/\/ozonsport.hr\/wp-content\/uploads\/2019\/01\/active.png 1000w, https:\/\/ozonsport.hr\/wp-content\/uploads\/2019\/01\/active-300x210.png 300w, https:\/\/ozonsport.hr\/wp-content\/uploads\/2019\/01\/active-768x538.png 768w\" sizes=\"auto, (max-width: 1000px) 100vw, 1000px\" \/>                    <\/a>\n            <\/div>\n<\/div>[\/vc_column][vc_column width=&#8221;1\/4&#8243;]<div class=\"mkdf-interactive-boxes-holder\">\n    <div class=\"mkdf-ib-text-holder\">\n                <h4 class=\"mkdf-ib-title\" >Pro<\/h4>\n                            <\/div>\n    <div class=\"mkdf-ib-image\">\n                    <a itemprop=\"url\" href=\"\/hr\/hike-pro\" target=\"_self\">\n                <img loading=\"lazy\" decoding=\"async\" width=\"1000\" height=\"700\" src=\"https:\/\/ozonsport.hr\/wp-content\/uploads\/2019\/01\/pro.png\" class=\"attachment-full size-full\" alt=\"\" srcset=\"https:\/\/ozonsport.hr\/wp-content\/uploads\/2019\/01\/pro.png 1000w, https:\/\/ozonsport.hr\/wp-content\/uploads\/2019\/01\/pro-300x210.png 300w, https:\/\/ozonsport.hr\/wp-content\/uploads\/2019\/01\/pro-768x538.png 768w\" sizes=\"auto, (max-width: 1000px) 100vw, 1000px\" \/>                    <\/a>\n            <\/div>\n<\/div>[\/vc_column][vc_column width=&#8221;1\/4&#8243;]<div class=\"mkdf-interactive-boxes-holder\">\n    <div class=\"mkdf-ib-text-holder\">\n                <h4 class=\"mkdf-ib-title\" >Biokovo by night<\/h4>\n                            <\/div>\n    <div class=\"mkdf-ib-image\">\n                    <a itemprop=\"url\" href=\"\/hr\/biokovo-by-night\" target=\"_self\">\n                <img loading=\"lazy\" decoding=\"async\" width=\"1000\" height=\"700\" src=\"https:\/\/ozonsport.hr\/wp-content\/uploads\/2019\/01\/bbn.png\" class=\"attachment-full size-full\" alt=\"\" srcset=\"https:\/\/ozonsport.hr\/wp-content\/uploads\/2019\/01\/bbn.png 1000w, https:\/\/ozonsport.hr\/wp-content\/uploads\/2019\/01\/bbn-300x210.png 300w, https:\/\/ozonsport.hr\/wp-content\/uploads\/2019\/01\/bbn-768x538.png 768w\" sizes=\"auto, (max-width: 1000px) 100vw, 1000px\" \/>                    <\/a>\n            <\/div>\n<\/div>[\/vc_column][\/vc_row][vc_row row_background_shadow=&#8221;no&#8221;][vc_column][vc_column_text]Predivni planinski prostori u okolini Makarske su i Vama dostupni. Odredite Va\u0161u aktivnost i izaberite jedan od na\u0161ih prilago\u0111enih programa RELAX, ACTIVE i PRO .<\/p>\n<p>Osigurana Vam je aktivnost, zabava i predivne panorame uz stru\u010dne i iskusne vodi\u010de. Ukoliko \u017eelite osjetiti planinu no\u0107u, na\u0161 program BIOKOVO by NIGHT \u0107e vam pru\u017eiti predivne no\u0107ne panorame u svje\u017eem okru\u017eenju ugodnih ljetnih Biokovskih no\u0107i.<\/p>\n<p>\u017delite li povesti va\u0161e dijete na izlet mo\u017eete unajmiti VAUDE nosiljku ili ako nemate planinarski ruksak mi nudimo VAUDE ruksake raznih veli\u010dina za najam.[\/vc_column_text][vc_empty_space height=&#8221;52px&#8221;][vc_column_text]<strong>CJENIK USLUGA LJETO 2019<\/strong><\/p>\n<p>Relax Biokovo Izlet 300 kn \/ osoba PAX 4<br \/>\nRelax Imotski Izlet 400 kn \/ osoba PAX 4<br \/>\nActiven Izlet 400 kn \/ osoba PAX 4<br \/>\nPRO Izlet 700 kn \/ osoba PAX 4<br \/>\nBiokovo by night 400 kn \/ osoba PAX 4<br \/>\nNajam ruksaka 30 kn \/ kom \/ 1 dan<br \/>\nNajam nosiljke za djecu 40 kn\/ kom \/ 1 dan<\/p>\n<p>Svi izleti uklju\u010duju:<br \/>\n-ulaznice<br \/>\n-transfer do polazne to\u010dke i transfer s dolazne to\u010dke<br \/>\n-KOMPERDELL \u0161tapove za hodanje<br \/>\n-VAUDE kabanicu<br \/>\n-VAUDE prvu pomo\u0107<br \/>\n-KALA vodu 1,5 lit<br \/>\n-LEDLENSER svjetiljke za Biokovo by night<br \/>\n-Profesionalni vodi\u010d s UIMLA licencom[\/vc_column_text][vc_empty_space height=&#8221;52px&#8221;]<div class=\"mkdf-section-title-holder  mkdf-st-standard \" style=\"text-align: left\">\n\t<div class=\"mkdf-st-inner\">\n\t\t\t\t\t<h3 class=\"mkdf-st-title\" >\n\t\t\t\tRENTAL EQUIPMENT by VAUDE\t\t\t<\/h3>\n\t\t\t\t\t\t\t<div class=\"mkdf-separator-holder clearfix\">\n\t\t\t\t<div class=\"mkdf-separator\" ><\/div>\n\t\t\t<\/div>\n\t\t\t\t\t<\/div>\n<\/div>[\/vc_column][\/vc_row][vc_row row_background_shadow=&#8221;no&#8221;][vc_column width=&#8221;1\/4&#8243;][vc_single_image image=&#8221;3322&#8243; img_size=&#8221;full&#8221; onclick=&#8221;custom_link&#8221; img_link_target=&#8221;_blank&#8221; link=&#8221;https:\/\/www.vaude.com\/en-INT\/Products\/Activity\/Backpacking-Hiking\/4381\/Shuttle-Base?number=121390100&#8243;][\/vc_column][vc_column width=&#8221;1\/4&#8243;][vc_single_image image=&#8221;3324&#8243; img_size=&#8221;full&#8221; onclick=&#8221;custom_link&#8221; img_link_target=&#8221;_blank&#8221; link=&#8221;https:\/\/www.vaude.com\/en-INT\/Products\/Eco-Materials\/Polyester-recycling\/Prokyon-22?number=127440100&#8243;][\/vc_column][vc_column width=&#8221;1\/4&#8243;][vc_single_image image=&#8221;3326&#8243; img_size=&#8221;full&#8221; onclick=&#8221;custom_link&#8221; img_link_target=&#8221;_blank&#8221; link=&#8221;https:\/\/www.vaude.com\/en-INT\/Products\/Eco-Materials\/Eco-friendly-Water-Resistance\/Citus-16-LW?number=121650100&#8243;][\/vc_column][vc_column width=&#8221;1\/4&#8243;][vc_single_image image=&#8221;3328&#8243; img_size=&#8221;full&#8221; onclick=&#8221;custom_link&#8221; img_link_target=&#8221;_blank&#8221; link=&#8221;https:\/\/www.vaude.com\/en-INT\/Products\/Activity\/Outdoor-Kids\/Puck-10?number=150022350&#8243;][\/vc_column][\/vc_row][vc_row row_background_shadow=&#8221;no&#8221;][vc_column][vc_empty_space height=&#8221;52px&#8221;][vc_column_text]<span style=\"font-family: Arial; font-size: small;\">Na na\u0161im izletima GRATIS Vam osiguravamo \u0161tapove za hodanje KOMPERDELL, ki\u0161ni pon\u010do i prvu pomo\u0107 VAUDE, a za osvje\u017eenje dobijete 1,5 lit. vode KALA!<\/span>[\/vc_column_text][vc_empty_space][\/vc_column][\/vc_row][vc_row row_background_shadow=&#8221;no&#8221;][vc_column width=&#8221;1\/4&#8243;][vc_single_image image=&#8221;3332&#8243; img_size=&#8221;full&#8221; onclick=&#8221;custom_link&#8221; img_link_target=&#8221;_blank&#8221; link=&#8221;https:\/\/www.komperdell.com\/de\/poles\/trekking\/produkt.php?id=164_2309_10&#8243;][\/vc_column][vc_column width=&#8221;1\/4&#8243;][vc_single_image image=&#8221;3334&#8243; img_size=&#8221;full&#8221; onclick=&#8221;custom_link&#8221; img_link_target=&#8221;_blank&#8221; link=&#8221;https:\/\/www.vaude.com\/en-INT\/Products\/Accessories\/First-Aid-Kit\/First-Aid-Kit-Hike-Waterproof?number=300582110&#8243;][\/vc_column][vc_column width=&#8221;1\/4&#8243;][vc_single_image image=&#8221;3336&#8243; img_size=&#8221;full&#8221; onclick=&#8221;custom_link&#8221; img_link_target=&#8221;_blank&#8221; link=&#8221;https:\/\/www.vaude.com\/en-INT\/Products\/Clothing\/Jackets\/Hiking-Backpack-Poncho?number=050396145300&#8243;][\/vc_column][vc_column width=&#8221;1\/4&#8243;][vc_single_image image=&#8221;3338&#8243; img_size=&#8221;full&#8221;][\/vc_column][\/vc_row][vc_row row_background_shadow=&#8221;no&#8221;][vc_column][vc_empty_space height=&#8221;52px&#8221;][\/vc_column][\/vc_row]<\/p>\n<\/section>","protected":false},"excerpt":{"rendered":"<p>[vc_row row_background_shadow=&#8221;no&#8221; css=&#8221;.vc_custom_1545213212583{padding-top: 50px !important;padding-bottom: 50px !important;}&#8221;][vc_column width=&#8221;1\/4&#8243;][\/vc_column][vc_column width=&#8221;1\/4&#8243;][\/vc_column][vc_column width=&#8221;1\/4&#8243;][\/vc_column][vc_column width=&#8221;1\/4&#8243;][\/vc_column][\/vc_row][vc_row row_background_shadow=&#8221;no&#8221;][vc_column][vc_column_text]Predivni planinski prostori u okolini Makarske su i Vama dostupni. Odredite Va\u0161u aktivnost i izaberite jedan od na\u0161ih prilago\u0111enih programa RELAX, ACTIVE i PRO . Osigurana Vam je aktivnost, zabava i predivne panorame uz stru\u010dne i iskusne vodi\u010de. Ukoliko \u017eelite osjetiti planinu no\u0107u, na\u0161 program BIOKOVO by NIGHT \u0107e vam pru\u017eiti predivne no\u0107ne panorame u svje\u017eem okru\u017eenju ugodnih ljetnih Biokovskih no\u0107i. \u017delite li povesti va\u0161e dijete na izlet mo\u017eete unajmiti VAUDE nosiljku ili ako nemate planinarski ruksak mi nudimo VAUDE ruksake raznih veli\u010dina za najam.[\/vc_column_text][vc_empty_space height=&#8221;52px&#8221;][vc_column_text]CJENIK USLUGA LJETO 2019 Relax Biokovo Izlet 300 kn \/ osoba PAX 4 Relax Imotski Izlet 400 kn \/ osoba PAX 4 Activen Izlet 400 kn \/ osoba PAX 4 PRO Izlet 700 kn \/ osoba PAX 4 Biokovo by night 400 kn \/ osoba PAX 4 Najam ruksaka 30 kn \/ kom \/ [&hellip;]<\/p>\n","protected":false},"author":1,"featured_media":0,"parent":0,"menu_order":0,"comment_status":"closed","ping_status":"closed","template":"","meta":{"footnotes":""},"class_list":["post-3319","page","type-page","status-publish","hentry"],"_links":{"self":[{"href":"https:\/\/ozonsport.hr\/hr\/wp-json\/wp\/v2\/pages\/3319","targetHints":{"allow":["GET"]}}],"collection":[{"href":"https:\/\/ozonsport.hr\/hr\/wp-json\/wp\/v2\/pages"}],"about":[{"href":"https:\/\/ozonsport.hr\/hr\/wp-json\/wp\/v2\/types\/page"}],"author":[{"embeddable":true,"href":"https:\/\/ozonsport.hr\/hr\/wp-json\/wp\/v2\/users\/1"}],"replies":[{"embeddable":true,"href":"https:\/\/ozonsport.hr\/hr\/wp-json\/wp\/v2\/comments?post=3319"}],"version-history":[{"count":9,"href":"https:\/\/ozonsport.hr\/hr\/wp-json\/wp\/v2\/pages\/3319\/revisions"}],"predecessor-version":[{"id":3503,"href":"https:\/\/ozonsport.hr\/hr\/wp-json\/wp\/v2\/pages\/3319\/revisions\/3503"}],"wp:attachment":[{"href":"https:\/\/ozonsport.hr\/hr\/wp-json\/wp\/v2\/media?parent=3319"}],"curies":[{"name":"wp","href":"https:\/\/api.w.org\/{rel}","templated":true}]}}